{"id":1190,"date":"2020-06-11T21:59:15","date_gmt":"2020-06-11T21:59:15","guid":{"rendered":"https:\/\/horgasztanyavendeglo.hu\/?page_id=1190"},"modified":"2024-01-26T16:22:51","modified_gmt":"2024-01-26T16:22:51","slug":"winelist","status":"publish","type":"page","link":"https:\/\/horgasztanyavendeglo.hu\/en\/winelist\/","title":{"rendered":"Wine list"},"content":{"rendered":"<div id='av_section_1'  class='avia-section main_color avia-section-small avia-no-shadow  avia-full-stretch av-parallax-section avia-bg-style-parallax  avia-builder-el-0  el_before_av_section  avia-builder-el-first   av-minimum-height av-minimum-height-50  container_wrap fullsize' style='background-color: #ffffff;  '  data-section-bg-repeat='stretch' data-av_minimum_height_pc='50'><div class='av-parallax' data-avia-parallax-ratio='0.3' ><div class='av-parallax-inner main_color  avia-full-stretch' style = 'background-color: #ffffff; background-repeat: no-repeat; background-image: url(https:\/\/horgasztanyavendeglo.hu\/wp-content\/uploads\/DSC_5903.jpg);background-attachment: scroll; background-position: center center; ' ><\/div><\/div><div class='av-section-color-overlay-wrap'><a href='#next-section' title='' class='scroll-down-link  av-custom-scroll-down-color' style='color: #ffffff;' aria-hidden='true' data-av_icon='\ue877' data-av_iconfont='entypo-fontello'><\/a><div class='container' ><main  role=\"main\" itemprop=\"mainContentOfPage\"  class='template-page content  av-content-full alpha units'><div class='post-entry post-entry-type-page post-entry-1190'><div class='entry-content-wrapper clearfix'>\n<div  style='padding-bottom:10px; color:#ffffff;font-size:60px;' class='av-special-heading av-special-heading-h1 custom-color-heading blockquote modern-quote  avia-builder-el-1  avia-builder-el-no-sibling  av-thin-font av-inherit-size '><h1 class='av-special-heading-tag '  itemprop=\"headline\"  ><strong>Wine list<\/strong><\/h1><div class='special-heading-border'><div class='special-heading-inner-border' style='border-color:#ffffff'><\/div><\/div><\/div>\n\n<\/div><\/div><\/main><!-- close content main element --><\/div><\/div><\/div><div id='av_section_2'  class='avia-section main_color avia-section-default avia-no-shadow  avia-bg-style-scroll  avia-builder-el-2  el_after_av_section  avia-builder-el-last   container_wrap fullsize' style=' '  ><div class='container' ><div class='template-page content  av-content-full alpha units'><div class='post-entry post-entry-type-page post-entry-1190'><div class='entry-content-wrapper clearfix'>\n<div class=\"flex_column av_one_half  flex_column_div first  avia-builder-el-3  el_before_av_one_half  avia-builder-el-first  \" ><p><div  style='padding-bottom:25px; ' class='av-special-heading av-special-heading-h2  blockquote modern-quote modern-centered  avia-builder-el-4  el_before_av_catalogue  avia-builder-el-first  '><h2 class='av-special-heading-tag '  itemprop=\"headline\"  >White<\/h2><div class='special-heading-border'><div class='special-heading-inner-border' ><\/div><\/div><\/div><br \/>\n<div  class='av-catalogue-container   avia-builder-el-5  el_after_av_heading  avia-builder-el-last '><ul class='av-catalogue-list'>\n<li><div class='av-catalogue-item'><div class='av-catalogue-item-inner'><div class='av-catalogue-title-container'><div class='av-catalogue-title'>Babarczi Irsai Oliv\u00e9r<\/div><div class='av-catalogue-price'>6 000 Ft<\/div><\/div><div class=\"av-catalogue-content\">\nAs is typical of the variety, this is a light, fresh wine. On the palate it has a pleasant, citrusy, spicy aroma. <\/p>\n<p><strong>900 Ft\/dl &#8211; 6000 Ft\/bottle<\/strong><br \/>\n<\/div><\/div><\/div><\/li>\n<li><div class='av-catalogue-item'><div class='av-catalogue-item-inner'><div class='av-catalogue-title-container'><div class='av-catalogue-title'>Sabar Rajnai Rizling - Balaton-felvid\u00e9k<\/div><div class='av-catalogue-price'>9 500 Ft<\/div><\/div><div class=\"av-catalogue-content\">\nD\u00e9li gy\u00fcm\u00f6lcs\u00f6k, j\u00f3kedv\u0171 savak jellemzik. M\u00e9zes barack \u00e9s mandarin, karamelliz\u00e1lt anan\u00e1sz. Aperitifk\u00e9nt aj\u00e1nljuk, tartalmas levesek, p\u00f6rk\u00f6ltek mell\u00e9.<br \/>\n<\/div><\/div><\/div><\/li>\n<li><div class='av-catalogue-item'><div class='av-catalogue-item-inner'><div class='av-catalogue-title-container'><div class='av-catalogue-title'>Babarczi Sauvignon Blanc<\/div><div class='av-catalogue-price'>6 500 Ft<\/div><\/div><div class=\"av-catalogue-content\">\nA wine with a long finish, dominated by citrusy flavours, peach and tropical fruit aromas.<\/p>\n<p><strong>950 Ft\/dl &#8211; 6500 Ft\/bottle<\/strong><br \/>\n<\/div><\/div><\/div><\/li>\n<li><div class='av-catalogue-item'><div class='av-catalogue-item-inner'><div class='av-catalogue-title-container'><div class='av-catalogue-title'>Sz\u0151ke M\u00e1ty\u00e1s Chardonnay - M\u00e1tra<\/div><div class='av-catalogue-price'>6 000 Ft<\/div><\/div><div class=\"av-catalogue-content\">\nFresh, crisp, brightly coloured with floral, citrus aromas. Long-lasting dry wine. <\/p>\n<p><strong>900 Ft\/dl \u2013 6000 Ft\/\u00fcveg<\/strong><br \/>\n<\/div><\/div><\/div><\/li>\n<li><div class='av-catalogue-item'><div class='av-catalogue-item-inner'><div class='av-catalogue-title-container'><div class='av-catalogue-title'>Bolyki Egri Csillag - Eger<\/div><div class='av-catalogue-price'>6 000 Ft<\/div><\/div><div class=\"av-catalogue-content\">\nCheerful on the nose, rich on the palate. Flowery, citric aroma, white peach in a drop of wine. <\/p>\n<p><strong>900 Ft\/dl \u2013 6000 Ft\/\u00fcveg<\/strong><br \/>\n<\/div><\/div><\/div><\/li>\n<li><div class='av-catalogue-item'><div class='av-catalogue-item-inner'><div class='av-catalogue-title-container'><div class='av-catalogue-title'>Kreinbacher Juhfark - Soml\u00f3<\/div><div class='av-catalogue-price'>8 900 Ft<\/div><\/div><div class=\"av-catalogue-content\">\nA good drinking wine with a balanced structure. The fruitiness and grapefruit dominate, with a Soml\u00f3 minerality.<br \/>\n<\/div><\/div><\/div><\/li>\n<li><div class='av-catalogue-item'><div class='av-catalogue-item-inner'><div class='av-catalogue-title-container'><div class='av-catalogue-title'>Zelna Sz\u00fcrkebar\u00e1t - Balatonf\u00fcred-Csopak<\/div><div class='av-catalogue-price'>8 500 Ft<\/div><\/div><div class=\"av-catalogue-content\">\nA unique wine, substantial and rich in detail. It smells fresh and floral. Certified BIO item.  <\/p>\n<p><strong>1 300 Ft\/dl \u2013 8 500 Ft\/bottle<\/strong><br \/>\n<\/div><\/div><\/div><\/li>\n<li><div class='av-catalogue-item'><div class='av-catalogue-item-inner'><div class='av-catalogue-title-container'><div class='av-catalogue-title'>Sabar K\u00e9knyel\u0171 - Balaton-felvid\u00e9k<\/div><div class='av-catalogue-price'>13 500 Ft<\/div><\/div><div class=\"av-catalogue-content\">\nOn the nose, you can detect notes of vanilla barrels and basalt heat. In the mouth, pomelo flavours and banana sweetness come to the fore.<br \/>\n<\/div><\/div><\/div><\/li>\n<li><div class='av-catalogue-item'><div class='av-catalogue-item-inner'><div class='av-catalogue-title-container'><div class='av-catalogue-title'>\u00c1ts Furmint - Tokaj-Hegyalja<\/div><div class='av-catalogue-price'>9 000 Ft<\/div><\/div><div class=\"av-catalogue-content\">\nIt has fresh, crisp, fruity flavours. Recommended with fish, white meats and salads. <\/p>\n<p><strong>1400 Ft\/dl &#8211; 9000 Ft\/bottle<\/strong><br \/>\n<\/div><\/div><\/div><\/li>\n<li><div class='av-catalogue-item'><div class='av-catalogue-item-inner'><div class='av-catalogue-title-container'><div class='av-catalogue-title'>K\u00e1li Bal\u00e1zs Tramini - Balaton-felvid\u00e9k<\/div><div class='av-catalogue-price'>6 500 Ft<\/div><\/div><div class=\"av-catalogue-content\">\nMedium golden color, aromas of Mediterranean citrus, mango, tea grass and rose.<\/p>\n<p><strong>950 Ft\/dl &#8211; 6500 Ft\/bottle<\/strong><br \/>\n<\/div><\/div><\/div><\/li>\n<\/ul><\/div><\/p><\/div><div class=\"flex_column av_one_half  flex_column_div av-zero-column-padding   avia-builder-el-6  el_after_av_one_half  el_before_av_one_half  \" style='border-radius:0px; '><p><div  style='padding-bottom:25px; ' class='av-special-heading av-special-heading-h2  blockquote modern-quote modern-centered  avia-builder-el-7  el_before_av_catalogue  avia-builder-el-first  '><h2 class='av-special-heading-tag '  itemprop=\"headline\"  >Dessert wines<\/h2><div class='special-heading-border'><div class='special-heading-inner-border' ><\/div><\/div><\/div><br \/>\n<div  class='av-catalogue-container   avia-builder-el-8  el_after_av_heading  avia-builder-el-last '><ul class='av-catalogue-list'>\n<li><div class='av-catalogue-item'><div class='av-catalogue-item-inner'><div class='av-catalogue-title-container'><div class='av-catalogue-title'>\u00c1ts Cuv\u00e9e - Tokaj-Hegyalja<\/div><div class='av-catalogue-price'>14 000 Ft<\/div><\/div><div class=\"av-catalogue-content\">\nThree main Tokaji varieties: Furmint, S\u00e1rgamuskot\u00e1ly and H\u00e1rslevel\u0171. An elegant, noble sweet one. A true dessert wine! <\/p>\n<p><strong>3000 Ft\/dl \u2013 14000 Ft\/bottle<\/strong><br \/>\n<\/div><\/div><\/div><\/li>\n<li><div class='av-catalogue-item'><div class='av-catalogue-item-inner'><div class='av-catalogue-title-container'><div class='av-catalogue-title'>Csillag\u00fat Tokaji Asz\u00fa - 5 puttonyos - Tokaj-Hegyalja<\/div><div class='av-catalogue-price'>18 000 Ft<\/div><\/div><div class=\"av-catalogue-content\">\nThe character of the wine is defined by the aromas of the noble mould: notes of dried apricots and peaches mixed with honey.<\/p>\n<p><strong>3800 Ft\/dl \u2013 18000 Ft\/bottle<\/strong><br \/>\n<\/div><\/div><\/div><\/li>\n<\/ul><\/div><\/p><\/div><div class=\"flex_column av_one_half  flex_column_div first  avia-builder-el-9  el_after_av_one_half  el_before_av_one_half  column-top-margin\" ><p><div  style='padding-bottom:25px; ' class='av-special-heading av-special-heading-h2  blockquote modern-quote modern-centered  avia-builder-el-10  el_before_av_catalogue  avia-builder-el-first  '><h2 class='av-special-heading-tag '  itemprop=\"headline\"  >Red<\/h2><div class='special-heading-border'><div class='special-heading-inner-border' ><\/div><\/div><\/div><br \/>\n<div  class='av-catalogue-container   avia-builder-el-11  el_after_av_heading  avia-builder-el-last '><ul class='av-catalogue-list'>\n<li><div class='av-catalogue-item'><div class='av-catalogue-item-inner'><div class='av-catalogue-title-container'><div class='av-catalogue-title'>Bolyki Bikav\u00e9r - Eger<\/div><div class='av-catalogue-price'>8 500 Ft<\/div><\/div><div class=\"av-catalogue-content\">\nCherry, mulberry, oaky scent and flavour, long, dry sip.<\/p>\n<p><strong>1400 Ft\/dl &#8211; 8500 Ft\/bottle<\/strong><br \/>\n<\/div><\/div><\/div><\/li>\n<li><div class='av-catalogue-item'><div class='av-catalogue-item-inner'><div class='av-catalogue-title-container'><div class='av-catalogue-title'>Szelesh\u00e1t Merlot - Szeksz\u00e1rd<\/div><div class='av-catalogue-price'>7 500 Ft<\/div><\/div><div class=\"av-catalogue-content\">\nDark cherry, rich merlot with fine spices and freshly cooked jam. Sweet notes, cassis and black fruits.<br \/>\n<\/div><\/div><\/div><\/li>\n<li><div class='av-catalogue-item'><div class='av-catalogue-item-inner'><div class='av-catalogue-title-container'><div class='av-catalogue-title'>Polg\u00e1r Therapy - Vill\u00e1ny<\/div><div class='av-catalogue-price'>8 000 Ft<\/div><\/div><div class=\"av-catalogue-content\">\nBlending freshness and the fruity characters. Pleasant body, whole flavour. <\/p>\n<p><strong>1300 Ft\/dl \u2013 8000 Ft\/bottle<\/strong><br \/>\n<\/div><\/div><\/div><\/li>\n<li><div class='av-catalogue-item'><div class='av-catalogue-item-inner'><div class='av-catalogue-title-container'><div class='av-catalogue-title'>Gere Cabernet Sauvignon - Vill\u00e1ny<\/div><div class='av-catalogue-price'>10 500 Ft<\/div><\/div><div class=\"av-catalogue-content\">\nClear, mellow colour scheme. It&#8217;s scent is led by spices and dark berries. Slightly rough flavoured fruits lead on the palate.<br \/>\n<\/div><\/div><\/div><\/li>\n<li><div class='av-catalogue-item'><div class='av-catalogue-item-inner'><div class='av-catalogue-title-container'><div class='av-catalogue-title'>Balla G\u00e9za M\u00e9nesi Cabernet Franc Sziklabor - Arad<\/div><div class='av-catalogue-price'>17 000 Ft<\/div><\/div><div class=\"av-catalogue-content\">\nDark intense, deep in colour, with aromas are ripe fruit, blueberries, blackberries, black pepper, eucalyptus, chocolate and coffee. Overall, complex, big-bodied, elegant and long-lasting.<br \/>\n<\/div><\/div><\/div><\/li>\n<li><div class='av-catalogue-item'><div class='av-catalogue-item-inner'><div class='av-catalogue-title-container'><div class='av-catalogue-title'>Ruppert Kand\u00far - Vill\u00e1ny<\/div><div class='av-catalogue-price'>7 500 Ft<\/div><\/div><div class=\"av-catalogue-content\">\nDynamic Vill\u00e1ny red wine. Lots of red berry fruit, little smoke, barrel spices and balance. <\/p>\n<p><strong>1300 Ft\/dl \u2013 7500 Ft\/bottle<\/strong><br \/>\n<\/div><\/div><\/div><\/li>\n<li><div class='av-catalogue-item'><div class='av-catalogue-item-inner'><div class='av-catalogue-title-container'><div class='av-catalogue-title'>M\u00e9sz\u00e1ros Kadarka Premium - Szeksz\u00e1rd<\/div><div class='av-catalogue-price'>8 000 Ft<\/div><\/div><div class=\"av-catalogue-content\">\nIt has a honey and spiciness on the nose and the unique flavour of the kadarka variety with lots of spices.<\/p>\n<p><strong>1300 Ft\/dl \u2013 8000 Ft\/bottle<\/strong><br \/>\n<\/div><\/div><\/div><\/li>\n<li><div class='av-catalogue-item'><div class='av-catalogue-item-inner'><div class='av-catalogue-title-container'><div class='av-catalogue-title'>Balla G\u00e9za Feketele\u00e1nyka - Arad<\/div><div class='av-catalogue-price'>10 500 Ft<\/div><\/div><div class=\"av-catalogue-content\">\nIntense fruity notes of cherries, blackcurrants, blueberries, mixed with spicy characters. On the palate, soft, round tannins and a pleasant <\/p>\n<p><strong>1600 Ft\/dl \u2013 10500 Ft\/bottle<\/strong><br \/>\n<\/div><\/div><\/div><\/li>\n<\/ul><\/div><\/p><\/div><div class=\"flex_column av_one_half  flex_column_div av-zero-column-padding   avia-builder-el-12  el_after_av_one_half  el_before_av_one_half  column-top-margin\" style='border-radius:0px; '><div   data-size='portfolio'  data-lightbox_size='large'  data-animation='slide'  data-conditional_play=''  data-ids='2050,2046,1917,1921,1923'  data-video_counter='0'  data-autoplay='true'  data-bg_slider='false'  data-slide_height=''  data-handle='av_slideshow'  data-interval='5'  data-class='  avia-small-width-slider'  data-el_id=''  data-css_id=''  data-scroll_down=''  data-control_layout='av-control-hidden'  data-custom_markup=''  data-perma_caption=''  data-autoplay_stopper=''  data-image_attachment=''  data-min_height='0px'  data-default-height='80.808080808081'  class='avia-slideshow avia-slideshow-1  av-control-hidden av-default-height-applied avia-slideshow-portfolio av_slideshow   avia-small-width-slider avia-slide-slider '  itemprop=\"image\" itemscope=\"itemscope\" itemtype=\"https:\/\/schema.org\/ImageObject\" ><ul class='avia-slideshow-inner ' style='padding-bottom: 80.808080808081%;' ><li  class=' slide-1 ' ><div data-rel='slideshow-1' class='avia-slide-wrap '   ><img src='https:\/\/horgasztanyavendeglo.hu\/wp-content\/uploads\/DSC_5912-1-495x400.jpg' width='495' height='400' title='DSC_5912' alt=''  itemprop=\"thumbnailUrl\"   \/><\/div><\/li><li  class=' slide-2 ' ><div data-rel='slideshow-1' class='avia-slide-wrap '   ><img src='https:\/\/horgasztanyavendeglo.hu\/wp-content\/uploads\/DSC_5909-495x400.jpg' width='495' height='400' title='DSC_5909' alt=''  itemprop=\"thumbnailUrl\"   \/><\/div><\/li><li  class=' slide-3 ' ><div data-rel='slideshow-1' class='avia-slide-wrap '   ><img src='https:\/\/horgasztanyavendeglo.hu\/wp-content\/uploads\/DSC_5903-495x400.jpg' width='495' height='400' title='DSC_5903' alt=''  itemprop=\"thumbnailUrl\"   \/><\/div><\/li><li  class=' slide-4 ' ><div data-rel='slideshow-1' class='avia-slide-wrap '   ><img src='https:\/\/horgasztanyavendeglo.hu\/wp-content\/uploads\/DSC_5914-495x400.jpg' width='495' height='400' title='DSC_5914' alt=''  itemprop=\"thumbnailUrl\"   \/><\/div><\/li><li  class=' slide-5 ' ><div data-rel='slideshow-1' class='avia-slide-wrap '   ><img src='https:\/\/horgasztanyavendeglo.hu\/wp-content\/uploads\/DSC_5916-495x400.jpg' width='495' height='400' title='DSC_5916' alt=''  itemprop=\"thumbnailUrl\"   \/><\/div><\/li><\/ul><div class='avia-slideshow-arrows avia-slideshow-controls'><a href='#prev' class='prev-slide' aria-hidden='true' data-av_icon='\ue87c' data-av_iconfont='entypo-fontello'>Previous<\/a><a href='#next' class='next-slide' aria-hidden='true' data-av_icon='\ue87d' data-av_iconfont='entypo-fontello'>Next<\/a><\/div><div class='avia-slideshow-dots avia-slideshow-controls'><a href='#1' class='goto-slide active' >1<\/a><a href='#2' class='goto-slide ' >2<\/a><a href='#3' class='goto-slide ' >3<\/a><a href='#4' class='goto-slide ' >4<\/a><a href='#5' class='goto-slide ' >5<\/a><\/div><\/div><\/div><div class=\"flex_column av_one_half  flex_column_div first  \" ><p><div  style='padding-bottom:25px; ' class='av-special-heading av-special-heading-h2  blockquote modern-quote modern-centered  avia-builder-el-13  el_before_av_catalogue  avia-builder-el-first  '><h2 class='av-special-heading-tag '  itemprop=\"headline\"  >Ros\u00e9<\/h2><div class='special-heading-border'><div class='special-heading-inner-border' ><\/div><\/div><\/div><br \/>\n<div  class='av-catalogue-container   avia-builder-el-14  el_after_av_heading  avia-builder-el-last '><ul class='av-catalogue-list'>\n<li><div class='av-catalogue-item'><div class='av-catalogue-item-inner'><div class='av-catalogue-title-container'><div class='av-catalogue-title'>Sauska Ros\u00e9 - Vill\u00e1ny<\/div><div class='av-catalogue-price'>7 000 Ft<\/div><\/div><div class=\"av-catalogue-content\">\nClean aromas, citrus and tangerine on the palate, with deep flavours and a lively freshness.<\/p>\n<p><strong>1000 Ft\/dl &#8211; 7000 Ft\/bottle<\/strong><br \/>\n<\/div><\/div><\/div><\/li>\n<li><div class='av-catalogue-item'><div class='av-catalogue-item-inner'><div class='av-catalogue-title-container'><div class='av-catalogue-title'>D\u00fazsi Ros\u00e9 Cuv\u00e9e - Szeksz\u00e1rd<\/div><div class='av-catalogue-price'>6 000 Ft<\/div><\/div><div class=\"av-catalogue-content\">\nBlue Frankish is the base, completed by Zweigelt, Merlot as well as Cabernet Sauvignon and Pinot Noir. Complex, nicely tasteable Ros\u00e9. <\/p>\n<p><strong>950 Ft\/dl \u2013 6000 Ft\/bottle<\/strong><br \/>\n<\/div><\/div><\/div><\/li>\n<\/ul><\/div><\/p><\/div><div class=\"flex_column av_one_half  flex_column_div   avia-builder-el-15  el_after_av_one_half  el_before_av_one_half  \" ><p><div  style='padding-bottom:25px; ' class='av-special-heading av-special-heading-h2  blockquote modern-quote modern-centered  avia-builder-el-16  el_before_av_catalogue  avia-builder-el-first  '><h2 class='av-special-heading-tag '  itemprop=\"headline\"  >Prosecco, Champagne<\/h2><div class='special-heading-border'><div class='special-heading-inner-border' ><\/div><\/div><\/div><br \/>\n<div  class='av-catalogue-container   avia-builder-el-17  el_after_av_heading  avia-builder-el-last '><ul class='av-catalogue-list'>\n<li><div class='av-catalogue-item'><div class='av-catalogue-item-inner'><div class='av-catalogue-title-container'><div class='av-catalogue-title'>Dissegna Prosecco DOC<\/div><div class='av-catalogue-price'>7 900 Ft<\/div><\/div><div class=\"av-catalogue-content\">\n<strong>1300 Ft\/dl &#8211; 7900 Ft\/bottle<\/strong><br \/>\n<\/div><\/div><\/div><\/li>\n<li><div class='av-catalogue-item'><div class='av-catalogue-item-inner'><div class='av-catalogue-title-container'><div class='av-catalogue-title'>Martini Asti Spumante<\/div><div class='av-catalogue-price'>8 000 Ft<\/div><\/div><div class=\"av-catalogue-content\">\nSweet<br \/>\n<\/div><\/div><\/div><\/li>\n<li><div class='av-catalogue-item'><div class='av-catalogue-item-inner'><div class='av-catalogue-title-container'><div class='av-catalogue-title'>Kreinbacher Brut Classic<\/div><div class='av-catalogue-price'>14 000 Ft<\/div><\/div><div class=\"av-catalogue-content\"><\/div><\/div><\/div><\/li>\n<\/ul><\/div><\/p><\/div><div class=\"flex_column av_one_half  flex_column_div first  avia-builder-el-18  el_after_av_one_half  avia-builder-el-last  column-top-margin\" ><p><div  style='padding-bottom:25px; ' class='av-special-heading av-special-heading-h2  blockquote modern-quote modern-centered  avia-builder-el-19  el_before_av_catalogue  avia-builder-el-first  '><h2 class='av-special-heading-tag '  itemprop=\"headline\"  >Wines of the house<\/h2><div class='special-heading-border'><div class='special-heading-inner-border' ><\/div><\/div><\/div><br \/>\n<div  class='av-catalogue-container   avia-builder-el-20  el_after_av_heading  avia-builder-el-last '><ul class='av-catalogue-list'>\n<li><div class='av-catalogue-item'><div class='av-catalogue-item-inner'><div class='av-catalogue-title-container'><div class='av-catalogue-title'>Lelovits Olaszrizling<\/div><div class='av-catalogue-price'>700 Ft\/dl<\/div><\/div><div class=\"av-catalogue-content\"><\/div><\/div><\/div><\/li>\n<li><div class='av-catalogue-item'><div class='av-catalogue-item-inner'><div class='av-catalogue-title-container'><div class='av-catalogue-title'>Lelovits Ros\u00e9 <\/div><div class='av-catalogue-price'>700 Ft\/dl<\/div><\/div><div class=\"av-catalogue-content\"><\/div><\/div><\/div><\/li>\n<li><div class='av-catalogue-item'><div class='av-catalogue-item-inner'><div class='av-catalogue-title-container'><div class='av-catalogue-title'>Lelovits Portugieser <\/div><div class='av-catalogue-price'>700 Ft\/dl<\/div><\/div><div class=\"av-catalogue-content\"><\/div><\/div><\/div><\/li>\n<\/ul><\/div><\/p><\/div>\n","protected":false},"excerpt":{"rendered":"","protected":false},"author":1,"featured_media":0,"parent":0,"menu_order":0,"comment_status":"open","ping_status":"closed","template":"","meta":{"_monsterinsights_skip_tracking":false,"_monsterinsights_sitenote_active":false,"_monsterinsights_sitenote_note":"","_monsterinsights_sitenote_category":0,"footnotes":""},"class_list":["post-1190","page","type-page","status-publish","hentry"],"_links":{"self":[{"href":"https:\/\/horgasztanyavendeglo.hu\/en\/wp-json\/wp\/v2\/pages\/1190","targetHints":{"allow":["GET"]}}],"collection":[{"href":"https:\/\/horgasztanyavendeglo.hu\/en\/wp-json\/wp\/v2\/pages"}],"about":[{"href":"https:\/\/horgasztanyavendeglo.hu\/en\/wp-json\/wp\/v2\/types\/page"}],"author":[{"embeddable":true,"href":"https:\/\/horgasztanyavendeglo.hu\/en\/wp-json\/wp\/v2\/users\/1"}],"replies":[{"embeddable":true,"href":"https:\/\/horgasztanyavendeglo.hu\/en\/wp-json\/wp\/v2\/comments?post=1190"}],"version-history":[{"count":26,"href":"https:\/\/horgasztanyavendeglo.hu\/en\/wp-json\/wp\/v2\/pages\/1190\/revisions"}],"predecessor-version":[{"id":2089,"href":"https:\/\/horgasztanyavendeglo.hu\/en\/wp-json\/wp\/v2\/pages\/1190\/revisions\/2089"}],"wp:attachment":[{"href":"https:\/\/horgasztanyavendeglo.hu\/en\/wp-json\/wp\/v2\/media?parent=1190"}],"curies":[{"name":"wp","href":"https:\/\/api.w.org\/{rel}","templated":true}]}}